{"id":947,"date":"2023-09-12T21:11:08","date_gmt":"2023-09-12T21:11:08","guid":{"rendered":"https:\/\/orcca-craco.ca\/gerer-vos-preferences\/"},"modified":"2023-09-18T20:32:50","modified_gmt":"2023-09-18T20:32:50","slug":"gerer-vos-preferences","status":"publish","type":"page","link":"https:\/\/orcca-craco.ca\/fr\/gerer-vos-preferences\/","title":{"rendered":"G\u00e9rer vos pr\u00e9f\u00e9rences"},"content":{"rendered":"<p>[et_pb_section fb_built=\u00a0\u00bb1&Prime; admin_label=\u00a0\u00bbBreadcrumbs\u00a0\u00bb _builder_version=\u00a0\u00bb4.22.1&Prime; _module_preset=\u00a0\u00bbdefault\u00a0\u00bb background_color=\u00a0\u00bb#DEFFFA\u00a0\u00bb module_alignment=\u00a0\u00bbleft\u00a0\u00bb max_height=\u00a0\u00bb40px\u00a0\u00bb custom_padding=\u00a0\u00bb||2px|||\u00a0\u00bb global_module=\u00a0\u00bb435&Prime; collapsed=\u00a0\u00bboff\u00a0\u00bb global_colors_info=\u00a0\u00bb{}\u00a0\u00bb][et_pb_row _builder_version=\u00a0\u00bb4.22.1&Prime; _module_preset=\u00a0\u00bbdefault\u00a0\u00bb module_alignment=\u00a0\u00bbcenter\u00a0\u00bb custom_margin=\u00a0\u00bb-40px||||false|false\u00a0\u00bb collapsed=\u00a0\u00bbon\u00a0\u00bb global_colors_info=\u00a0\u00bb{}\u00a0\u00bb][et_pb_column type=\u00a0\u00bb4_4&Prime; _builder_version=\u00a0\u00bb4.22.1&Prime; _module_preset=\u00a0\u00bbdefault\u00a0\u00bb global_colors_info=\u00a0\u00bb{}\u00a0\u00bb][lwp_divi_breadcrumbs font_icon=\u00a0\u00bb$||divi||400&Prime; _builder_version=\u00a0\u00bb4.22.1&Prime; _module_preset=\u00a0\u00bbdefault\u00a0\u00bb global_colors_info=\u00a0\u00bb{}\u00a0\u00bb][\/lwp_divi_breadcrumbs][\/et_pb_column][\/et_pb_row][\/et_pb_section][et_pb_section fb_built=\u00a0\u00bb1&Prime; _builder_version=\u00a0\u00bb4.22.1&Prime; _module_preset=\u00a0\u00bbdefault\u00a0\u00bb global_colors_info=\u00a0\u00bb{}\u00a0\u00bb][et_pb_row _builder_version=\u00a0\u00bb4.22.1&Prime; _module_preset=\u00a0\u00bbdefault\u00a0\u00bb hover_enabled=\u00a0\u00bb0&Prime; global_colors_info=\u00a0\u00bb{}\u00a0\u00bb sticky_enabled=\u00a0\u00bb0&Prime;][et_pb_column type=\u00a0\u00bb4_4&Prime; _builder_version=\u00a0\u00bb4.22.1&Prime; _module_preset=\u00a0\u00bbdefault\u00a0\u00bb global_colors_info=\u00a0\u00bb{}\u00a0\u00bb][et_pb_text _builder_version=\u00a0\u00bb4.22.1&Prime; _module_preset=\u00a0\u00bbdefault\u00a0\u00bb hover_enabled=\u00a0\u00bb0&Prime; global_colors_info=\u00a0\u00bb{}\u00a0\u00bb sticky_enabled=\u00a0\u00bb0&Prime;]<\/p>\n<p>S&rsquo;abonner pour&#8230;<\/p>\n<p>[\/et_pb_text][et_pb_code _builder_version=\u00a0\u00bb4.22.1&Prime; _module_preset=\u00a0\u00bbdefault\u00a0\u00bb hover_enabled=\u00a0\u00bb0&Prime; sticky_enabled=\u00a0\u00bb0&Prime; module_alignment=\u00a0\u00bbcenter\u00a0\u00bb]<\/p>\n<div id=\"mc_embed_shell\"><!-- [et_pb_line_break_holder] -->      <link href=\"\/\/cdn-images.mailchimp.com\/embedcode\/classic-061523.css\" rel=\"stylesheet\" type=\"text\/css\"><!-- [et_pb_line_break_holder] -->  <\/p>\n<style type=\"text\/css\"><!-- [et_pb_line_break_holder] -->        #mc_embed_signup{background:#fff; false;clear:left; font:14px Helvetica,Arial,sans-serif; width: px;}<!-- [et_pb_line_break_holder] -->        \/* Add your own Mailchimp form style overrides in your site stylesheet or in this style block.<!-- [et_pb_line_break_holder] -->           We recommend moving this block and the preceding CSS link to the HEAD of your HTML file. *\/<!-- [et_pb_line_break_holder] --><\/style>\n<style type=\"text\/css\"><!-- [et_pb_line_break_holder] -->        #mc-embedded-subscribe-form input[type=checkbox]{display: inline; width: auto;margin-right: 10px;}<!-- [et_pb_line_break_holder] -->#mergeRow-gdpr {margin-top: 20px;}<!-- [et_pb_line_break_holder] -->#mergeRow-gdpr fieldset label {font-weight: normal;}<!-- [et_pb_line_break_holder] -->#mc-embedded-subscribe-form .mc_fieldset{border:none;min-height: 0px;padding-bottom:0px;}<!-- [et_pb_line_break_holder] --><\/style>\n<p><!-- [et_pb_line_break_holder] --><\/p>\n<div id=\"mc_embed_signup\"><!-- [et_pb_line_break_holder] -->    <\/p>\n<form action=\"https:\/\/icleicanada.us12.list-manage.com\/subscribe\/post?u=e3cc0564d955ddfa1ae97cb81&amp;id=79f6f6811b&amp;v_id=6802&amp;f_id=00c542e0f0\" method=\"post\" id=\"mc-embedded-subscribe-form\" name=\"mc-embedded-subscribe-form\" class=\"validate\" target=\"_self\" novalidate=\"\"><!-- [et_pb_line_break_holder] -->        <\/p>\n<div id=\"mc_embed_signup_scroll\">\n<h2>S&rsquo;abonner<\/h2>\n<p><!-- [et_pb_line_break_holder] -->            <\/p>\n<div class=\"indicates-required\"><span class=\"asterisk\">*<\/span> indique qu&rsquo;il est n\u00e9cessaire<\/div>\n<p><!-- [et_pb_line_break_holder] -->            <\/p>\n<div class=\"mc-field-group\"><label for=\"mce-EMAIL\">Adresse \u00e9lectronique <span class=\"asterisk\">*<\/span><\/label><input type=\"email\" name=\"EMAIL\" class=\"required email\" id=\"mce-EMAIL\" required=\"\" value=\"\"><span id=\"mce-EMAIL-HELPERTEXT\" class=\"helper_text\"><\/span><\/div>\n<div class=\"mc-field-group\"><label for=\"mce-FNAME\">Pr\u00e9nom  <\/label><input type=\"text\" name=\"FNAME\" class=\" text\" id=\"mce-FNAME\" value=\"\"><\/div>\n<div class=\"mc-field-group\"><label for=\"mce-LNAME\">Nom de famille  <\/label><input type=\"text\" name=\"LNAME\" class=\" text\" id=\"mce-LNAME\" value=\"\"><\/div>\n<div class=\"mc-field-group\"><label for=\"mce-PHONE\">Num\u00e9ro de t\u00e9l\u00e9phone  <\/label><\/p>\n<div class=\"phonefield phonefield-us\">(<span class=\"phonearea\"><br \/>\n  <input class=\"phonepart REQ_CSS\" pattern=\"[0-9]*\" id=\"mce-PHONE-area\" name=\"PHONE[area]\" maxlength=\"3\" size=\"3\" type=\"text\" value=\"\"><br \/>\n<\/span>)<span class=\"phonedetail1\"><br \/>\n  <input class=\"phonepart REQ_CSS\" pattern=\"[0-9]*\" id=\"mce-PHONE-detail1\" name=\"PHONE[detail1]\" maxlength=\"3\" size=\"3\" type=\"text\" value=\"\"><br \/>\n<\/span> &#8211;<span class=\"phonedetail2\"><br \/>\n  <input class=\"phonepart REQ_CSS\" pattern=\"[0-9]*\" id=\"mce-PHONE-detail2\" name=\"PHONE[detail2]\" maxlength=\"4\" size=\"4\" type=\"text\" value=\"\"><br \/>\n<\/span><span class=\"small-meta nowrap\">(###) ###-####<\/span><\/div>\n<\/div>\n<div class=\"mc-field-group\"><label for=\"mce-PROV\">Province \/ Territoire  <\/label><select name=\"PROV\" class=\"\" id=\"mce-PROV\"><option value=\"\"><\/option><option value=\"Ontario\">Ontario<\/option><option value=\"Qu\u00e9bec\">Qu\u00e9bec<\/option><option value=\"Canada atlantique\">Canada atlantique<\/option><option value=\"Prairies canadiennes\">Prairies canadiennes<\/option><option value=\"Colombie-Britannique\">Colombie-Britannique<\/option><option value=\"Territoires du Nord-Ouest, Nunavut, Yukon,\">Territoires du Nord-Ouest, Nunavut, Yukon,<\/option><\/select><\/div>\n<pee><a href=\"https:\/\/us12.campaign-archive.com\/home\/?u=e3cc0564d955ddfa1ae97cb81&amp;id=79f6f6811b\" title=\"Voir les campagnes pr\u00e9c\u00e9dentes\">Voir les campagnes pr\u00e9c\u00e9dentes.<\/a><\/pee>\n<div id=\"mergeRow-gdpr\" class=\"mergeRow gdpr-mergeRow content__gdprBlock mc-field-group\">\n<div class=\"content__gdpr\"><label>Permissions de marketing<\/label><pee>Veuillez s\u00e9lectionner tous les moyens par lesquels vous souhaitez \u00eatre contact\u00e9(e) :<\/pee>\n<fieldset class=\"mc_fieldset gdprRequired mc-field-group\" name=\"interestgroup_field\"><label class=\"checkbox subfield\" for=\"gdpr91118\"><input type=\"checkbox\" id=\"gdpr_91118\" name=\"gdpr[91118]\" class=\"gdpr\" value=\"Y\"><span>Courriel :<\/span><\/label><label class=\"checkbox subfield\" for=\"gdpr91122\"><input type=\"checkbox\" id=\"gdpr_91122\" name=\"gdpr[91122]\" class=\"gdpr\" value=\"Y\"><span>T\u00e9l\u00e9phone<\/span><\/label><\/fieldset>\n<pee>Vous pouvez vous d\u00e9sinscrire \u00e0 tout moment en cliquant sur le lien figurant dans le pied de page de nos courriels. Pour plus d&rsquo;informations sur nos pratiques en mati\u00e8re de protection de la vie priv\u00e9e, veuillez consulter notre site web.<\/pee><\/div>\n<div class=\"content__gdprLegal\"><pee>Nous utilisons Mailchimp comme plateforme de marketing. En cliquant ci-dessous pour vous abonner, vous reconnaissez que vos informations seront transf\u00e9r\u00e9es \u00e0 Mailchimp pour traitement. En <a href=\"https:\/\/mailchimp.com\/legal\/terms\">savoir plus<\/a> sur les pratiques de Mailchimp en mati\u00e8re de protection de la vie priv\u00e9e.<\/pee><\/div>\n<\/div>\n<p><!-- [et_pb_line_break_holder] -->        <\/p>\n<div id=\"mce-responses\" class=\"clear\"><!-- [et_pb_line_break_holder] -->            <\/p>\n<div class=\"response\" id=\"mce-error-response\" style=\"display: none;\"><\/div>\n<p><!-- [et_pb_line_break_holder] -->            <\/p>\n<div class=\"response\" id=\"mce-success-response\" style=\"display: none;\"><\/div>\n<p><!-- [et_pb_line_break_holder] -->        <\/div>\n<div aria-hidden=\"true\" style=\"position: absolute; left: -5000px;\"><input type=\"text\" name=\"b_e3cc0564d955ddfa1ae97cb81_79f6f6811b\" tabindex=\"-1\" value=\"\"><\/div>\n<div class=\"clear\"><input type=\"submit\" name=\"subscribe\" id=\"mc-embedded-subscribe\" class=\"button\" value=\"S'abonner\"><\/div>\n<p><!-- [et_pb_line_break_holder] -->    <\/div>\n<p><!-- [et_pb_line_break_holder] --><\/form>\n<p><!-- [et_pb_line_break_holder] --><\/div>\n<p><!-- [et_pb_line_break_holder] --><\/div>\n<p><!-- [et_pb_line_break_holder] --><!-- [et_pb_line_break_holder] --><!-- [et_pb_line_break_holder] -->[\/et_pb_code][\/et_pb_column][\/et_pb_row][\/et_pb_section]<\/p>\n","protected":false},"excerpt":{"rendered":"<p><div class=\"et_pb_module lwp_divi_breadcrumbs lwp_divi_breadcrumbs_0\">\n\t\t\t\t\n\t\t\t\t\n\t\t\t\t\n\t\t\t\t\n\t\t\t\t\n\t\t\t\t\n\t\t\t\t<div class=\"et_pb_module_inner\">\n\t\t\t\t\t<div class=\"lwp-breadcrumbs\"> <span class=\"before\"><\/span> <span vocab=\"https:\/\/schema.org\/\" typeof=\"BreadcrumbList\"><span property=\"itemListElement\" typeof=\"ListItem\"><a property=\"item\" typeof=\"WebPage\" href=\"https:\/\/orcca-craco.ca\/fr\/\" class=\"home\"><span property=\"name\">Home<\/span><\/a><meta property=\"position\" content=\"1\"><\/span> <span class=\"separator et-pb-icon\">$<\/span> <\/span><\/div>\n\t\t\t\t<\/div>\n\t\t\t<\/div>S&rsquo;abonner pour&#8230;<\/p>\n","protected":false},"author":3,"featured_media":0,"parent":0,"menu_order":0,"comment_status":"closed","ping_status":"closed","template":"","meta":{"_et_pb_use_builder":"on","_et_pb_old_content":"","_et_gb_content_width":"","_monsterinsights_skip_tracking":false,"_monsterinsights_sitenote_active":false,"_monsterinsights_sitenote_note":"","_monsterinsights_sitenote_category":0,"footnotes":""},"class_list":["post-947","page","type-page","status-publish","hentry"],"yoast_head":"<!-- This site is optimized with the Yoast SEO plugin v27.2 - https:\/\/yoast.com\/product\/yoast-seo-wordpress\/ -->\n<title>G\u00e9rer vos pr\u00e9f\u00e9rences - ORCCA - CRACO Canada<\/title>\n<meta name=\"robots\" content=\"index, follow, max-snippet:-1, max-image-preview:large, max-video-preview:-1\" \/>\n<link rel=\"canonical\" href=\"https:\/\/orcca-craco.ca\/fr\/gerer-vos-preferences\/\" \/>\n<meta property=\"og:locale\" content=\"fr_FR\" \/>\n<meta property=\"og:type\" content=\"article\" \/>\n<meta property=\"og:title\" content=\"G\u00e9rer vos pr\u00e9f\u00e9rences - ORCCA - CRACO Canada\" \/>\n<meta property=\"og:description\" content=\"S&#039;abonner pour...\" \/>\n<meta property=\"og:url\" content=\"https:\/\/orcca-craco.ca\/fr\/gerer-vos-preferences\/\" \/>\n<meta property=\"og:site_name\" content=\"ORCCA - CRACO Canada\" \/>\n<meta property=\"article:modified_time\" content=\"2023-09-18T20:32:50+00:00\" \/>\n<meta name=\"twitter:card\" content=\"summary_large_image\" \/>\n<meta name=\"twitter:label1\" content=\"Dur\u00e9e de lecture estim\u00e9e\" \/>\n\t<meta name=\"twitter:data1\" content=\"2 minutes\" \/>\n<script type=\"application\/ld+json\" class=\"yoast-schema-graph\">{\"@context\":\"https:\/\/schema.org\",\"@graph\":[{\"@type\":\"WebPage\",\"@id\":\"https:\/\/orcca-craco.ca\/fr\/gerer-vos-preferences\/\",\"url\":\"https:\/\/orcca-craco.ca\/fr\/gerer-vos-preferences\/\",\"name\":\"G\u00e9rer vos pr\u00e9f\u00e9rences - ORCCA - CRACO Canada\",\"isPartOf\":{\"@id\":\"https:\/\/orcca-craco.ca\/#website\"},\"datePublished\":\"2023-09-12T21:11:08+00:00\",\"dateModified\":\"2023-09-18T20:32:50+00:00\",\"breadcrumb\":{\"@id\":\"https:\/\/orcca-craco.ca\/fr\/gerer-vos-preferences\/#breadcrumb\"},\"inLanguage\":\"fr-FR\",\"potentialAction\":[{\"@type\":\"ReadAction\",\"target\":[\"https:\/\/orcca-craco.ca\/fr\/gerer-vos-preferences\/\"]}]},{\"@type\":\"BreadcrumbList\",\"@id\":\"https:\/\/orcca-craco.ca\/fr\/gerer-vos-preferences\/#breadcrumb\",\"itemListElement\":[{\"@type\":\"ListItem\",\"position\":1,\"name\":\"Home\",\"item\":\"https:\/\/orcca-craco.ca\/fr\/accueil\/\"},{\"@type\":\"ListItem\",\"position\":2,\"name\":\"G\u00e9rer vos pr\u00e9f\u00e9rences\"}]},{\"@type\":\"WebSite\",\"@id\":\"https:\/\/orcca-craco.ca\/#website\",\"url\":\"https:\/\/orcca-craco.ca\/\",\"name\":\"ORCCA - CRACO Canada\",\"description\":\"The Ontario Resource Centre for Climate Adaptation\",\"publisher\":{\"@id\":\"https:\/\/orcca-craco.ca\/#organization\"},\"potentialAction\":[{\"@type\":\"SearchAction\",\"target\":{\"@type\":\"EntryPoint\",\"urlTemplate\":\"https:\/\/orcca-craco.ca\/?s={search_term_string}\"},\"query-input\":{\"@type\":\"PropertyValueSpecification\",\"valueRequired\":true,\"valueName\":\"search_term_string\"}}],\"inLanguage\":\"fr-FR\"},{\"@type\":\"Organization\",\"@id\":\"https:\/\/orcca-craco.ca\/#organization\",\"name\":\"ORCCA - CRACO Canada\",\"url\":\"https:\/\/orcca-craco.ca\/\",\"logo\":{\"@type\":\"ImageObject\",\"inLanguage\":\"fr-FR\",\"@id\":\"https:\/\/orcca-craco.ca\/#\/schema\/logo\/image\/\",\"url\":\"https:\/\/orcca-craco.ca\/wp-content\/uploads\/2023\/09\/colourful-logo-full-png.png\",\"contentUrl\":\"https:\/\/orcca-craco.ca\/wp-content\/uploads\/2023\/09\/colourful-logo-full-png.png\",\"width\":300,\"height\":226,\"caption\":\"ORCCA - CRACO Canada\"},\"image\":{\"@id\":\"https:\/\/orcca-craco.ca\/#\/schema\/logo\/image\/\"},\"sameAs\":[\"https:\/\/www.linkedin.com\/company\/iclei-canada\/\"]}]}<\/script>\n<!-- \/ Yoast SEO plugin. -->","yoast_head_json":{"title":"G\u00e9rer vos pr\u00e9f\u00e9rences - ORCCA - CRACO Canada","robots":{"index":"index","follow":"follow","max-snippet":"max-snippet:-1","max-image-preview":"max-image-preview:large","max-video-preview":"max-video-preview:-1"},"canonical":"https:\/\/orcca-craco.ca\/fr\/gerer-vos-preferences\/","og_locale":"fr_FR","og_type":"article","og_title":"G\u00e9rer vos pr\u00e9f\u00e9rences - ORCCA - CRACO Canada","og_description":"S'abonner pour...","og_url":"https:\/\/orcca-craco.ca\/fr\/gerer-vos-preferences\/","og_site_name":"ORCCA - CRACO Canada","article_modified_time":"2023-09-18T20:32:50+00:00","twitter_card":"summary_large_image","twitter_misc":{"Dur\u00e9e de lecture estim\u00e9e":"2 minutes"},"schema":{"@context":"https:\/\/schema.org","@graph":[{"@type":"WebPage","@id":"https:\/\/orcca-craco.ca\/fr\/gerer-vos-preferences\/","url":"https:\/\/orcca-craco.ca\/fr\/gerer-vos-preferences\/","name":"G\u00e9rer vos pr\u00e9f\u00e9rences - ORCCA - CRACO Canada","isPartOf":{"@id":"https:\/\/orcca-craco.ca\/#website"},"datePublished":"2023-09-12T21:11:08+00:00","dateModified":"2023-09-18T20:32:50+00:00","breadcrumb":{"@id":"https:\/\/orcca-craco.ca\/fr\/gerer-vos-preferences\/#breadcrumb"},"inLanguage":"fr-FR","potentialAction":[{"@type":"ReadAction","target":["https:\/\/orcca-craco.ca\/fr\/gerer-vos-preferences\/"]}]},{"@type":"BreadcrumbList","@id":"https:\/\/orcca-craco.ca\/fr\/gerer-vos-preferences\/#breadcrumb","itemListElement":[{"@type":"ListItem","position":1,"name":"Home","item":"https:\/\/orcca-craco.ca\/fr\/accueil\/"},{"@type":"ListItem","position":2,"name":"G\u00e9rer vos pr\u00e9f\u00e9rences"}]},{"@type":"WebSite","@id":"https:\/\/orcca-craco.ca\/#website","url":"https:\/\/orcca-craco.ca\/","name":"ORCCA - CRACO Canada","description":"The Ontario Resource Centre for Climate Adaptation","publisher":{"@id":"https:\/\/orcca-craco.ca\/#organization"},"potentialAction":[{"@type":"SearchAction","target":{"@type":"EntryPoint","urlTemplate":"https:\/\/orcca-craco.ca\/?s={search_term_string}"},"query-input":{"@type":"PropertyValueSpecification","valueRequired":true,"valueName":"search_term_string"}}],"inLanguage":"fr-FR"},{"@type":"Organization","@id":"https:\/\/orcca-craco.ca\/#organization","name":"ORCCA - CRACO Canada","url":"https:\/\/orcca-craco.ca\/","logo":{"@type":"ImageObject","inLanguage":"fr-FR","@id":"https:\/\/orcca-craco.ca\/#\/schema\/logo\/image\/","url":"https:\/\/orcca-craco.ca\/wp-content\/uploads\/2023\/09\/colourful-logo-full-png.png","contentUrl":"https:\/\/orcca-craco.ca\/wp-content\/uploads\/2023\/09\/colourful-logo-full-png.png","width":300,"height":226,"caption":"ORCCA - CRACO Canada"},"image":{"@id":"https:\/\/orcca-craco.ca\/#\/schema\/logo\/image\/"},"sameAs":["https:\/\/www.linkedin.com\/company\/iclei-canada\/"]}]}},"_links":{"self":[{"href":"https:\/\/orcca-craco.ca\/fr\/wp-json\/wp\/v2\/pages\/947","targetHints":{"allow":["GET"]}}],"collection":[{"href":"https:\/\/orcca-craco.ca\/fr\/wp-json\/wp\/v2\/pages"}],"about":[{"href":"https:\/\/orcca-craco.ca\/fr\/wp-json\/wp\/v2\/types\/page"}],"author":[{"embeddable":true,"href":"https:\/\/orcca-craco.ca\/fr\/wp-json\/wp\/v2\/users\/3"}],"replies":[{"embeddable":true,"href":"https:\/\/orcca-craco.ca\/fr\/wp-json\/wp\/v2\/comments?post=947"}],"version-history":[{"count":2,"href":"https:\/\/orcca-craco.ca\/fr\/wp-json\/wp\/v2\/pages\/947\/revisions"}],"predecessor-version":[{"id":957,"href":"https:\/\/orcca-craco.ca\/fr\/wp-json\/wp\/v2\/pages\/947\/revisions\/957"}],"wp:attachment":[{"href":"https:\/\/orcca-craco.ca\/fr\/wp-json\/wp\/v2\/media?parent=947"}],"curies":[{"name":"wp","href":"https:\/\/api.w.org\/{rel}","templated":true}]}}