{"id":918,"date":"2023-09-08T15:09:00","date_gmt":"2023-09-08T15:09:00","guid":{"rendered":"https:\/\/orcca-craco.ca\/actualites\/"},"modified":"2023-11-15T21:33:42","modified_gmt":"2023-11-15T21:33:42","slug":"actualites","status":"publish","type":"page","link":"https:\/\/orcca-craco.ca\/fr\/actualites\/","title":{"rendered":"Actualit\u00e9s"},"content":{"rendered":"<p>[et_pb_section fb_built=\u00a0\u00bb1&Prime; admin_label=\u00a0\u00bbBreadcrumbs\u00a0\u00bb _builder_version=\u00a0\u00bb4.22.1&Prime; _module_preset=\u00a0\u00bbdefault\u00a0\u00bb background_color=\u00a0\u00bb#FFFFFF\u00a0\u00bb module_alignment=\u00a0\u00bbleft\u00a0\u00bb min_height=\u00a0\u00bb100px\u00a0\u00bb max_height=\u00a0\u00bb40px\u00a0\u00bb custom_padding=\u00a0\u00bb0px||0px||false|false\u00a0\u00bb sticky_position=\u00a0\u00bbtop\u00a0\u00bb global_module=\u00a0\u00bb435&Prime; collapsed=\u00a0\u00bboff\u00a0\u00bb global_colors_info=\u00a0\u00bb{}\u00a0\u00bb][et_pb_row make_equal=\u00a0\u00bbon\u00a0\u00bb _builder_version=\u00a0\u00bb4.22.1&Prime; _module_preset=\u00a0\u00bbdefault\u00a0\u00bb custom_css_main_element=\u00a0\u00bbmargin: auto;\u00a0\u00bb collapsed=\u00a0\u00bbon\u00a0\u00bb global_colors_info=\u00a0\u00bb{}\u00a0\u00bb][et_pb_column type=\u00a0\u00bb4_4&Prime; _builder_version=\u00a0\u00bb4.22.1&Prime; _module_preset=\u00a0\u00bbdefault\u00a0\u00bb global_colors_info=\u00a0\u00bb{}\u00a0\u00bb][lwp_divi_breadcrumbs font_icon=\u00a0\u00bb$||divi||400&Prime; _builder_version=\u00a0\u00bb4.22.1&Prime; _module_preset=\u00a0\u00bbdefault\u00a0\u00bb global_colors_info=\u00a0\u00bb{}\u00a0\u00bb][\/lwp_divi_breadcrumbs][\/et_pb_column][\/et_pb_row][\/et_pb_section][et_pb_section fb_built=\u00a0\u00bb1&Prime; _builder_version=\u00a0\u00bb4.22.1&Prime; _module_preset=\u00a0\u00bbdefault\u00a0\u00bb global_colors_info=\u00a0\u00bb{}\u00a0\u00bb][et_pb_row _builder_version=\u00a0\u00bb4.22.1&Prime; _module_preset=\u00a0\u00bbdefault\u00a0\u00bb global_colors_info=\u00a0\u00bb{}\u00a0\u00bb][et_pb_column type=\u00a0\u00bb4_4&Prime; _builder_version=\u00a0\u00bb4.22.1&Prime; _module_preset=\u00a0\u00bbdefault\u00a0\u00bb global_colors_info=\u00a0\u00bb{}\u00a0\u00bb][et_pb_blog fullwidth=\u00a0\u00bboff\u00a0\u00bb include_categories=\u00a0\u00bball\u00a0\u00bb _builder_version=\u00a0\u00bb4.22.1&Prime; _module_preset=\u00a0\u00bbdefault\u00a0\u00bb global_colors_info=\u00a0\u00bb{}\u00a0\u00bb][\/et_pb_blog][\/et_pb_column][\/et_pb_row][et_pb_row _builder_version=\u00a0\u00bb4.22.1&Prime; _module_preset=\u00a0\u00bbdefault\u00a0\u00bb global_colors_info=\u00a0\u00bb{}\u00a0\u00bb][et_pb_column type=\u00a0\u00bb4_4&Prime; _builder_version=\u00a0\u00bb4.22.1&Prime; _module_preset=\u00a0\u00bbdefault\u00a0\u00bb global_colors_info=\u00a0\u00bb{}\u00a0\u00bb][et_pb_post_nav _builder_version=\u00a0\u00bb4.22.1&Prime; _module_preset=\u00a0\u00bbdefault\u00a0\u00bb global_colors_info=\u00a0\u00bb{}\u00a0\u00bb][\/et_pb_post_nav][\/et_pb_column][\/et_pb_row][\/et_pb_section][et_pb_section fb_built=\u00a0\u00bb1&Prime; inner_shadow=\u00a0\u00bbon\u00a0\u00bb admin_label=\u00a0\u00bbICLEI\u00a0\u00bb _builder_version=\u00a0\u00bb4.22.1&Prime; _module_preset=\u00a0\u00bbdefault\u00a0\u00bb background_color=\u00a0\u00bb#F24404&Prime; background_enable_image=\u00a0\u00bboff\u00a0\u00bb parallax=\u00a0\u00bbon\u00a0\u00bb top_divider_style=\u00a0\u00bbcurve\u00a0\u00bb top_divider_color=\u00a0\u00bb#F24404&Prime; top_divider_height=\u00a0\u00bb14px\u00a0\u00bb top_divider_repeat=\u00a0\u00bb1x\u00a0\u00bb top_divider_arrangement=\u00a0\u00bbabove_content\u00a0\u00bb locked=\u00a0\u00bboff\u00a0\u00bb collapsed=\u00a0\u00bbon\u00a0\u00bb global_colors_info=\u00a0\u00bb{}\u00a0\u00bb][et_pb_row column_structure=\u00a0\u00bb3_5,2_5&Prime; _builder_version=\u00a0\u00bb4.22.1&Prime; _module_preset=\u00a0\u00bbdefault\u00a0\u00bb global_colors_info=\u00a0\u00bb{}\u00a0\u00bb][et_pb_column type=\u00a0\u00bb3_5&Prime; _builder_version=\u00a0\u00bb4.22.1&Prime; _module_preset=\u00a0\u00bbdefault\u00a0\u00bb global_colors_info=\u00a0\u00bb{}\u00a0\u00bb][et_pb_text _builder_version=\u00a0\u00bb4.22.1&Prime; _module_preset=\u00a0\u00bbdefault\u00a0\u00bb text_text_color=\u00a0\u00bb#FFFFFF\u00a0\u00bb text_font_size=\u00a0\u00bb18px\u00a0\u00bb header_font_size=\u00a0\u00bb52px\u00a0\u00bb header_3_font=\u00a0\u00bb|600|||||||\u00a0\u00bb header_3_text_color=\u00a0\u00bb#FFFFFF\u00a0\u00bb header_3_font_size=\u00a0\u00bb44px\u00a0\u00bb header_6_font=\u00a0\u00bb|700|||||||\u00a0\u00bb header_6_text_color=\u00a0\u00bb#B8F8EE\u00a0\u00bb global_colors_info=\u00a0\u00bb{}\u00a0\u00bb]<\/p>\n<h6>CARRI\u00c8RES<\/h6>\n<h3>Restez pr\u00eat \u00e0 affronter le climat. S&rsquo;abonner aux mises \u00e0 jour de l&rsquo;CRACO.<\/h3>\n<p>Souhaitez-vous recevoir des nouvelles de ce type dans votre bo\u00eete de r\u00e9ception ? S\u2019abonner pour recevoir des mises \u00e0 jour. D\u00e9sabonnement possible \u00e0 tout moment.<\/p>\n<p>[\/et_pb_text][et_pb_button button_url=\u00a0\u00bbhttps:\/\/icleicanada.us12.list-manage.com\/subscribe?u=e3cc0564d955ddfa1ae97cb81&amp;id=79f6f6811b\u00a0\u00bb button_text=\u00a0\u00bbS\u2019abonner\u00a0\u00bb _builder_version=\u00a0\u00bb4.22.1&Prime; _module_preset=\u00a0\u00bbdefault\u00a0\u00bb custom_button=\u00a0\u00bbon\u00a0\u00bb button_text_size=\u00a0\u00bb22px\u00a0\u00bb button_text_color=\u00a0\u00bb#F24404&Prime; button_bg_color=\u00a0\u00bb#B8F8EE\u00a0\u00bb button_border_color=\u00a0\u00bb#B8F8EE\u00a0\u00bb button_font=\u00a0\u00bb|600|||||||\u00a0\u00bb button_icon=\u00a0\u00bb&#x24;||divi||400&Prime; button_icon_color=\u00a0\u00bb#F24404&Prime; global_colors_info=\u00a0\u00bb{}\u00a0\u00bb][\/et_pb_button][\/et_pb_column][et_pb_column type=\u00a0\u00bb2_5&Prime; _builder_version=\u00a0\u00bb4.22.1&Prime; _module_preset=\u00a0\u00bbdefault\u00a0\u00bb global_colors_info=\u00a0\u00bb{}\u00a0\u00bb][et_pb_image src=\u00a0\u00bbhttps:\/\/orcca-craco.ca\/wp-content\/uploads\/2023\/09\/Rotary-Park-Ajax-Ontario.jpg\u00a0\u00bb alt=\u00a0\u00bbVue du ciel Vue du ciel du parc Rotary d&apos;Ajax et du lac Ontario au d\u00e9but de l&apos;automne.\u00a0\u00bb title_text=\u00a0\u00bbParc Rotary Ajax Ontario\u00a0\u00bb _builder_version=\u00a0\u00bb4.22.1&Prime; _module_preset=\u00a0\u00bbdefault\u00a0\u00bb animation_style=\u00a0\u00bbfade\u00a0\u00bb border_color_all=\u00a0\u00bb#B8F8EE\u00a0\u00bb border_width_right=\u00a0\u00bb20px\u00a0\u00bb border_width_bottom=\u00a0\u00bb20px\u00a0\u00bb box_shadow_style=\u00a0\u00bbpreset2&Prime; box_shadow_blur=\u00a0\u00bb10px\u00a0\u00bb box_shadow_spread=\u00a0\u00bb-1px\u00a0\u00bb box_shadow_color=\u00a0\u00bbrgba(0,0,0,0.12)\u00a0\u00bb global_colors_info=\u00a0\u00bb{}\u00a0\u00bb][\/et_pb_image][\/et_pb_column][\/et_pb_row][\/et_pb_section]<\/p>\n","protected":false},"excerpt":{"rendered":"<p><div class=\"et_pb_module lwp_divi_breadcrumbs lwp_divi_breadcrumbs_0\">\n\t\t\t\t\n\t\t\t\t\n\t\t\t\t\n\t\t\t\t\n\t\t\t\t\n\t\t\t\t\n\t\t\t\t<div class=\"et_pb_module_inner\">\n\t\t\t\t\t<div class=\"lwp-breadcrumbs\"> <span class=\"before\"><\/span> <span vocab=\"https:\/\/schema.org\/\" typeof=\"BreadcrumbList\"><span property=\"itemListElement\" typeof=\"ListItem\"><a property=\"item\" typeof=\"WebPage\" href=\"https:\/\/orcca-craco.ca\/fr\/\" class=\"home\"><span property=\"name\">Home<\/span><\/a><meta property=\"position\" content=\"1\"><\/span> <span class=\"separator et-pb-icon\">$<\/span> <\/span><\/div>\n\t\t\t\t<\/div>\n\t\t\t<\/div>CARRI\u00c8RES Restez pr\u00eat \u00e0 affronter le climat. S&rsquo;abonner aux mises \u00e0 jour de l&rsquo;CRACO. Souhaitez-vous recevoir des nouvelles de ce type dans votre bo\u00eete de r\u00e9ception ? S\u2019abonner pour recevoir des mises \u00e0 jour. D\u00e9sabonnement possible \u00e0 tout moment.<\/p>\n","protected":false},"author":2,"featured_media":0,"parent":0,"menu_order":0,"comment_status":"closed","ping_status":"closed","template":"","meta":{"_et_pb_use_builder":"on","_et_pb_old_content":"","_et_gb_content_width":"","_monsterinsights_skip_tracking":false,"_monsterinsights_sitenote_active":false,"_monsterinsights_sitenote_note":"","_monsterinsights_sitenote_category":0,"footnotes":""},"class_list":["post-918","page","type-page","status-publish","hentry"],"yoast_head":"<!-- This site is optimized with the Yoast SEO plugin v27.2 - https:\/\/yoast.com\/product\/yoast-seo-wordpress\/ -->\n<title>Actualit\u00e9s - ORCCA - CRACO Canada<\/title>\n<meta name=\"description\" content=\"Restez inform\u00e9 des derniers \u00e9v\u00e9nements climatiques, des nouvelles et des mises \u00e0 jour de l&#039;CRACO. D\u00e9couvrez des initiatives importantes, des \u00e9v\u00e9nements communautaires et des informations essentielles sur le climat. Rejoignez-nous pour tenir les communaut\u00e9s des Grands Lacs et les Ontariens inform\u00e9s et engag\u00e9s dans le mouvement d&#039;adaptation climatique. Voir les nouvelles et les \u00e9v\u00e9nements de l&#039;CRACO.\" \/>\n<meta name=\"robots\" content=\"index, follow, max-snippet:-1, max-image-preview:large, max-video-preview:-1\" \/>\n<link rel=\"canonical\" href=\"https:\/\/orcca-craco.ca\/fr\/actualites\/\" \/>\n<meta property=\"og:locale\" content=\"fr_FR\" \/>\n<meta property=\"og:type\" content=\"article\" \/>\n<meta property=\"og:title\" content=\"Actualit\u00e9s - ORCCA - CRACO Canada\" \/>\n<meta property=\"og:description\" content=\"Restez inform\u00e9 des derniers \u00e9v\u00e9nements climatiques, des nouvelles et des mises \u00e0 jour de l&#039;CRACO. D\u00e9couvrez des initiatives importantes, des \u00e9v\u00e9nements communautaires et des informations essentielles sur le climat. Rejoignez-nous pour tenir les communaut\u00e9s des Grands Lacs et les Ontariens inform\u00e9s et engag\u00e9s dans le mouvement d&#039;adaptation climatique. Voir les nouvelles et les \u00e9v\u00e9nements de l&#039;CRACO.\" \/>\n<meta property=\"og:url\" content=\"https:\/\/orcca-craco.ca\/fr\/actualites\/\" \/>\n<meta property=\"og:site_name\" content=\"ORCCA - CRACO Canada\" \/>\n<meta property=\"article:modified_time\" content=\"2023-11-15T21:33:42+00:00\" \/>\n<meta name=\"twitter:card\" content=\"summary_large_image\" \/>\n<meta name=\"twitter:label1\" content=\"Dur\u00e9e de lecture estim\u00e9e\" \/>\n\t<meta name=\"twitter:data1\" content=\"3 minutes\" \/>\n<script type=\"application\/ld+json\" class=\"yoast-schema-graph\">{\"@context\":\"https:\/\/schema.org\",\"@graph\":[{\"@type\":\"WebPage\",\"@id\":\"https:\/\/orcca-craco.ca\/fr\/actualites\/\",\"url\":\"https:\/\/orcca-craco.ca\/fr\/actualites\/\",\"name\":\"Actualit\u00e9s - ORCCA - CRACO Canada\",\"isPartOf\":{\"@id\":\"https:\/\/orcca-craco.ca\/#website\"},\"datePublished\":\"2023-09-08T15:09:00+00:00\",\"dateModified\":\"2023-11-15T21:33:42+00:00\",\"description\":\"Restez inform\u00e9 des derniers \u00e9v\u00e9nements climatiques, des nouvelles et des mises \u00e0 jour de l'CRACO. D\u00e9couvrez des initiatives importantes, des \u00e9v\u00e9nements communautaires et des informations essentielles sur le climat. Rejoignez-nous pour tenir les communaut\u00e9s des Grands Lacs et les Ontariens inform\u00e9s et engag\u00e9s dans le mouvement d'adaptation climatique. Voir les nouvelles et les \u00e9v\u00e9nements de l'CRACO.\",\"breadcrumb\":{\"@id\":\"https:\/\/orcca-craco.ca\/fr\/actualites\/#breadcrumb\"},\"inLanguage\":\"fr-FR\",\"potentialAction\":[{\"@type\":\"ReadAction\",\"target\":[\"https:\/\/orcca-craco.ca\/fr\/actualites\/\"]}]},{\"@type\":\"BreadcrumbList\",\"@id\":\"https:\/\/orcca-craco.ca\/fr\/actualites\/#breadcrumb\",\"itemListElement\":[{\"@type\":\"ListItem\",\"position\":1,\"name\":\"Home\",\"item\":\"https:\/\/orcca-craco.ca\/fr\/accueil\/\"},{\"@type\":\"ListItem\",\"position\":2,\"name\":\"Actualit\u00e9s\"}]},{\"@type\":\"WebSite\",\"@id\":\"https:\/\/orcca-craco.ca\/#website\",\"url\":\"https:\/\/orcca-craco.ca\/\",\"name\":\"ORCCA - CRACO Canada\",\"description\":\"The Ontario Resource Centre for Climate Adaptation\",\"publisher\":{\"@id\":\"https:\/\/orcca-craco.ca\/#organization\"},\"potentialAction\":[{\"@type\":\"SearchAction\",\"target\":{\"@type\":\"EntryPoint\",\"urlTemplate\":\"https:\/\/orcca-craco.ca\/?s={search_term_string}\"},\"query-input\":{\"@type\":\"PropertyValueSpecification\",\"valueRequired\":true,\"valueName\":\"search_term_string\"}}],\"inLanguage\":\"fr-FR\"},{\"@type\":\"Organization\",\"@id\":\"https:\/\/orcca-craco.ca\/#organization\",\"name\":\"ORCCA - CRACO Canada\",\"url\":\"https:\/\/orcca-craco.ca\/\",\"logo\":{\"@type\":\"ImageObject\",\"inLanguage\":\"fr-FR\",\"@id\":\"https:\/\/orcca-craco.ca\/#\/schema\/logo\/image\/\",\"url\":\"https:\/\/orcca-craco.ca\/wp-content\/uploads\/2023\/09\/colourful-logo-full-png.png\",\"contentUrl\":\"https:\/\/orcca-craco.ca\/wp-content\/uploads\/2023\/09\/colourful-logo-full-png.png\",\"width\":300,\"height\":226,\"caption\":\"ORCCA - CRACO Canada\"},\"image\":{\"@id\":\"https:\/\/orcca-craco.ca\/#\/schema\/logo\/image\/\"},\"sameAs\":[\"https:\/\/www.linkedin.com\/company\/iclei-canada\/\"]}]}<\/script>\n<!-- \/ Yoast SEO plugin. -->","yoast_head_json":{"title":"Actualit\u00e9s - ORCCA - CRACO Canada","description":"Restez inform\u00e9 des derniers \u00e9v\u00e9nements climatiques, des nouvelles et des mises \u00e0 jour de l'CRACO. D\u00e9couvrez des initiatives importantes, des \u00e9v\u00e9nements communautaires et des informations essentielles sur le climat. Rejoignez-nous pour tenir les communaut\u00e9s des Grands Lacs et les Ontariens inform\u00e9s et engag\u00e9s dans le mouvement d'adaptation climatique. Voir les nouvelles et les \u00e9v\u00e9nements de l'CRACO.","robots":{"index":"index","follow":"follow","max-snippet":"max-snippet:-1","max-image-preview":"max-image-preview:large","max-video-preview":"max-video-preview:-1"},"canonical":"https:\/\/orcca-craco.ca\/fr\/actualites\/","og_locale":"fr_FR","og_type":"article","og_title":"Actualit\u00e9s - ORCCA - CRACO Canada","og_description":"Restez inform\u00e9 des derniers \u00e9v\u00e9nements climatiques, des nouvelles et des mises \u00e0 jour de l'CRACO. D\u00e9couvrez des initiatives importantes, des \u00e9v\u00e9nements communautaires et des informations essentielles sur le climat. Rejoignez-nous pour tenir les communaut\u00e9s des Grands Lacs et les Ontariens inform\u00e9s et engag\u00e9s dans le mouvement d'adaptation climatique. Voir les nouvelles et les \u00e9v\u00e9nements de l'CRACO.","og_url":"https:\/\/orcca-craco.ca\/fr\/actualites\/","og_site_name":"ORCCA - CRACO Canada","article_modified_time":"2023-11-15T21:33:42+00:00","twitter_card":"summary_large_image","twitter_misc":{"Dur\u00e9e de lecture estim\u00e9e":"3 minutes"},"schema":{"@context":"https:\/\/schema.org","@graph":[{"@type":"WebPage","@id":"https:\/\/orcca-craco.ca\/fr\/actualites\/","url":"https:\/\/orcca-craco.ca\/fr\/actualites\/","name":"Actualit\u00e9s - ORCCA - CRACO Canada","isPartOf":{"@id":"https:\/\/orcca-craco.ca\/#website"},"datePublished":"2023-09-08T15:09:00+00:00","dateModified":"2023-11-15T21:33:42+00:00","description":"Restez inform\u00e9 des derniers \u00e9v\u00e9nements climatiques, des nouvelles et des mises \u00e0 jour de l'CRACO. D\u00e9couvrez des initiatives importantes, des \u00e9v\u00e9nements communautaires et des informations essentielles sur le climat. Rejoignez-nous pour tenir les communaut\u00e9s des Grands Lacs et les Ontariens inform\u00e9s et engag\u00e9s dans le mouvement d'adaptation climatique. Voir les nouvelles et les \u00e9v\u00e9nements de l'CRACO.","breadcrumb":{"@id":"https:\/\/orcca-craco.ca\/fr\/actualites\/#breadcrumb"},"inLanguage":"fr-FR","potentialAction":[{"@type":"ReadAction","target":["https:\/\/orcca-craco.ca\/fr\/actualites\/"]}]},{"@type":"BreadcrumbList","@id":"https:\/\/orcca-craco.ca\/fr\/actualites\/#breadcrumb","itemListElement":[{"@type":"ListItem","position":1,"name":"Home","item":"https:\/\/orcca-craco.ca\/fr\/accueil\/"},{"@type":"ListItem","position":2,"name":"Actualit\u00e9s"}]},{"@type":"WebSite","@id":"https:\/\/orcca-craco.ca\/#website","url":"https:\/\/orcca-craco.ca\/","name":"ORCCA - CRACO Canada","description":"The Ontario Resource Centre for Climate Adaptation","publisher":{"@id":"https:\/\/orcca-craco.ca\/#organization"},"potentialAction":[{"@type":"SearchAction","target":{"@type":"EntryPoint","urlTemplate":"https:\/\/orcca-craco.ca\/?s={search_term_string}"},"query-input":{"@type":"PropertyValueSpecification","valueRequired":true,"valueName":"search_term_string"}}],"inLanguage":"fr-FR"},{"@type":"Organization","@id":"https:\/\/orcca-craco.ca\/#organization","name":"ORCCA - CRACO Canada","url":"https:\/\/orcca-craco.ca\/","logo":{"@type":"ImageObject","inLanguage":"fr-FR","@id":"https:\/\/orcca-craco.ca\/#\/schema\/logo\/image\/","url":"https:\/\/orcca-craco.ca\/wp-content\/uploads\/2023\/09\/colourful-logo-full-png.png","contentUrl":"https:\/\/orcca-craco.ca\/wp-content\/uploads\/2023\/09\/colourful-logo-full-png.png","width":300,"height":226,"caption":"ORCCA - CRACO Canada"},"image":{"@id":"https:\/\/orcca-craco.ca\/#\/schema\/logo\/image\/"},"sameAs":["https:\/\/www.linkedin.com\/company\/iclei-canada\/"]}]}},"_links":{"self":[{"href":"https:\/\/orcca-craco.ca\/fr\/wp-json\/wp\/v2\/pages\/918","targetHints":{"allow":["GET"]}}],"collection":[{"href":"https:\/\/orcca-craco.ca\/fr\/wp-json\/wp\/v2\/pages"}],"about":[{"href":"https:\/\/orcca-craco.ca\/fr\/wp-json\/wp\/v2\/types\/page"}],"author":[{"embeddable":true,"href":"https:\/\/orcca-craco.ca\/fr\/wp-json\/wp\/v2\/users\/2"}],"replies":[{"embeddable":true,"href":"https:\/\/orcca-craco.ca\/fr\/wp-json\/wp\/v2\/comments?post=918"}],"version-history":[{"count":15,"href":"https:\/\/orcca-craco.ca\/fr\/wp-json\/wp\/v2\/pages\/918\/revisions"}],"predecessor-version":[{"id":1461,"href":"https:\/\/orcca-craco.ca\/fr\/wp-json\/wp\/v2\/pages\/918\/revisions\/1461"}],"wp:attachment":[{"href":"https:\/\/orcca-craco.ca\/fr\/wp-json\/wp\/v2\/media?parent=918"}],"curies":[{"name":"wp","href":"https:\/\/api.w.org\/{rel}","templated":true}]}}