{"id":747,"date":"2023-09-08T14:44:15","date_gmt":"2023-09-08T14:44:15","guid":{"rendered":"https:\/\/orcca-craco.ca\/a-propos-de-craco\/"},"modified":"2025-03-13T19:58:24","modified_gmt":"2025-03-13T19:58:24","slug":"a-propos-de-craco","status":"publish","type":"page","link":"https:\/\/orcca-craco.ca\/fr\/a-propos-de-craco\/","title":{"rendered":"\u00c0 propos de CRACO"},"content":{"rendered":"<p>[et_pb_section fb_built=\u00a0\u00bb1&Prime; admin_label=\u00a0\u00bbBreadcrumbs\u00a0\u00bb _builder_version=\u00a0\u00bb4.22.2&Prime; _module_preset=\u00a0\u00bbdefault\u00a0\u00bb background_color=\u00a0\u00bb#FFFFFF\u00a0\u00bb module_alignment=\u00a0\u00bbleft\u00a0\u00bb min_height=\u00a0\u00bb100px\u00a0\u00bb max_height=\u00a0\u00bb40px\u00a0\u00bb custom_padding=\u00a0\u00bb0px||0px||false|false\u00a0\u00bb sticky_position=\u00a0\u00bbtop\u00a0\u00bb global_module=\u00a0\u00bb435&Prime; collapsed=\u00a0\u00bboff\u00a0\u00bb global_colors_info=\u00a0\u00bb{}\u00a0\u00bb][et_pb_row make_equal=\u00a0\u00bbon\u00a0\u00bb _builder_version=\u00a0\u00bb4.22.2&Prime; _module_preset=\u00a0\u00bbdefault\u00a0\u00bb custom_css_main_element=\u00a0\u00bbmargin: auto;\u00a0\u00bb collapsed=\u00a0\u00bboff\u00a0\u00bb global_colors_info=\u00a0\u00bb{}\u00a0\u00bb][et_pb_column type=\u00a0\u00bb4_4&Prime; _builder_version=\u00a0\u00bb4.22.1&Prime; _module_preset=\u00a0\u00bbdefault\u00a0\u00bb global_colors_info=\u00a0\u00bb{}\u00a0\u00bb][lwp_divi_breadcrumbs font_icon=\u00a0\u00bb$||divi||400&Prime; _builder_version=\u00a0\u00bb4.22.2&Prime; _module_preset=\u00a0\u00bbdefault\u00a0\u00bb link_option_url=\u00a0\u00bbhttps:\/\/orcca-craco.ca\/\u00a0\u00bb global_colors_info=\u00a0\u00bb{}\u00a0\u00bb][\/lwp_divi_breadcrumbs][\/et_pb_column][\/et_pb_row][\/et_pb_section][et_pb_section fb_built=\u00a0\u00bb1&Prime; specialty=\u00a0\u00bbon\u00a0\u00bb _builder_version=\u00a0\u00bb4.22.1&Prime; _module_preset=\u00a0\u00bbdefault\u00a0\u00bb custom_padding=\u00a0\u00bb||0px|||\u00a0\u00bb global_colors_info=\u00a0\u00bb{}\u00a0\u00bb][et_pb_column type=\u00a0\u00bb1_2&Prime; specialty_columns=\u00a0\u00bb2&Prime; _builder_version=\u00a0\u00bb4.16&Prime; custom_padding=\u00a0\u00bb|||\u00a0\u00bb global_colors_info=\u00a0\u00bb{}\u00a0\u00bb custom_padding__hover=\u00a0\u00bb|||\u00a0\u00bb][et_pb_row_inner _builder_version=\u00a0\u00bb4.22.1&Prime; _module_preset=\u00a0\u00bbdefault\u00a0\u00bb min_height=\u00a0\u00bb423.9px\u00a0\u00bb global_colors_info=\u00a0\u00bb{}\u00a0\u00bb][et_pb_column_inner saved_specialty_column_type=\u00a0\u00bb1_2&Prime; _builder_version=\u00a0\u00bb4.22.1&Prime; _module_preset=\u00a0\u00bbdefault\u00a0\u00bb global_colors_info=\u00a0\u00bb{}\u00a0\u00bb][et_pb_text _builder_version=\u00a0\u00bb4.22.2&Prime; _module_preset=\u00a0\u00bbdefault\u00a0\u00bb header_2_font=\u00a0\u00bb|600|||||||\u00a0\u00bb header_2_font_size=\u00a0\u00bb48px\u00a0\u00bb header_6_font=\u00a0\u00bb|700|||||||\u00a0\u00bb header_6_text_color=\u00a0\u00bb#F24404&Prime; header_6_font_size=\u00a0\u00bb19px\u00a0\u00bb header_6_letter_spacing=\u00a0\u00bb1px\u00a0\u00bb global_colors_info=\u00a0\u00bb{}\u00a0\u00bb]<\/p>\n<h6>Qu&rsquo;est-ce que l&rsquo;ORCCA ?<\/h6>\n<h2>Centre de ressources de l&rsquo;Ontario pour l&rsquo;adaptation au changement climatique<\/h2>\n<p>Le Centre de ressources d&rsquo;adaptation climatique de l&rsquo;Ontario (CRACO) est l\u00e0 pour aider les communaut\u00e9s des Grands Lacs et les autres utilisateurs de l&rsquo;Ontario \u00e0 mieux comprendre, affronter, g\u00e9rer et s&rsquo;adapter aux conditions climatiques changeantes. L&rsquo;\u00e9quipe d&rsquo;experts en adaptation et le personnel de soutien de CRACO fournissent des services aux municipalit\u00e9s et aux organisations qui recherchent des ressources et de l&rsquo;aide pour les questions techniques, l&rsquo;ex\u00e9cution des programmes, la capacit\u00e9 du personnel et la communication sur le climat.<\/p>\n<p><strong><span style=\"color: #ff6600;\"><a style=\"color: #ff6600;\" href=\"https:\/\/orcca-craco.ca\/fr\/lequipe\/\"><span style=\"text-decoration: underline;\">L\u2019\u00e9quipe<\/span><\/a> <span style=\"text-decoration: underline;\"><a style=\"color: #ff6600; text-decoration: underline;\" href=\"https:\/\/orcca-craco.ca\/fr\/services\/\">Services<\/a><\/span><\/span><\/strong><\/p>\n<p>[\/et_pb_text][\/et_pb_column_inner][\/et_pb_row_inner][\/et_pb_column][et_pb_column type=\u00a0\u00bb1_2&Prime; _builder_version=\u00a0\u00bb4.16&Prime; custom_padding=\u00a0\u00bb|||\u00a0\u00bb global_colors_info=\u00a0\u00bb{}\u00a0\u00bb custom_padding__hover=\u00a0\u00bb|||\u00a0\u00bb][et_pb_image src=\u00a0\u00bbhttps:\/\/orcca-craco.ca\/wp-content\/uploads\/2023\/09\/crop-Keswick-beach-on-Lake-Ontario-scaled.jpg\u00a0\u00bb alt=\u00a0\u00bbLe Centre de ressources de l&apos;Ontario pour l&apos;adaptation au climat aide les communaut\u00e9s comme celles de Keswick Beach, sur le lac Ontario. Les maisons et les entreprises cr\u00e9ent une communaut\u00e9 dynamique, le long de la voie navigable. \u00a0\u00bb title_text=\u00a0\u00bbPlage de Keswick sur le lac Ontario\u00a0\u00bb force_fullwidth=\u00a0\u00bbon\u00a0\u00bb _builder_version=\u00a0\u00bb4.22.2&Prime; _module_preset=\u00a0\u00bbdefault\u00a0\u00bb transform_scale=\u00a0\u00bb100%|80%\u00a0\u00bb transform_scale_linked=\u00a0\u00bboff\u00a0\u00bb max_height=\u00a0\u00bb546px\u00a0\u00bb global_colors_info=\u00a0\u00bb{}\u00a0\u00bb][\/et_pb_image][\/et_pb_column][\/et_pb_section][et_pb_section fb_built=\u00a0\u00bb1&Prime; inner_shadow=\u00a0\u00bbon\u00a0\u00bb _builder_version=\u00a0\u00bb4.22.1&Prime; _module_preset=\u00a0\u00bbdefault\u00a0\u00bb background_color=\u00a0\u00bb#f2fffa\u00a0\u00bb background_enable_image=\u00a0\u00bboff\u00a0\u00bb parallax=\u00a0\u00bbon\u00a0\u00bb top_divider_style=\u00a0\u00bbcurve\u00a0\u00bb top_divider_color=\u00a0\u00bb#FFFFFF\u00a0\u00bb top_divider_height=\u00a0\u00bb12px\u00a0\u00bb top_divider_repeat=\u00a0\u00bb1x\u00a0\u00bb global_colors_info=\u00a0\u00bb{}\u00a0\u00bb][et_pb_row column_structure=\u00a0\u00bb1_2,1_2&Prime; _builder_version=\u00a0\u00bb4.22.1&Prime; _module_preset=\u00a0\u00bbdefault\u00a0\u00bb global_colors_info=\u00a0\u00bb{}\u00a0\u00bb][et_pb_column type=\u00a0\u00bb1_2&Prime; _builder_version=\u00a0\u00bb4.22.1&Prime; _module_preset=\u00a0\u00bbdefault\u00a0\u00bb global_colors_info=\u00a0\u00bb{}\u00a0\u00bb][et_pb_text _builder_version=\u00a0\u00bb4.22.2&Prime; _module_preset=\u00a0\u00bbdefault\u00a0\u00bb header_font=\u00a0\u00bb|700|||||||\u00a0\u00bb header_3_font=\u00a0\u00bb|700|||||||\u00a0\u00bb global_colors_info=\u00a0\u00bb{}\u00a0\u00bb]<\/p>\n<h3>Le centre de ressources de l&rsquo;Ontario pour l&rsquo;adaptation au changement climatique (Ontario Resource Centre for Climate Adaptation)<\/h3>\n<h2>La mission<\/h2>\n<p>Les Ontariens sont d\u00e9j\u00e0 confront\u00e9s aux effets des changements climatiques, mais de nombreuses communaut\u00e9s des Grands Lacs et de la province manquent de ressources, de capacit\u00e9s et de connaissances pour \u00e9valuer les effets, \u00e9laborer des plans et mettre en \u0153uvre des mesures pour se pr\u00e9parer \u00e0 l&rsquo;\u00e9volution du climat. Ils peuvent \u00e9galement manquer de ressources et d&rsquo;expertise pour trouver et analyser les informations climatiques et\/ou mettre en \u0153uvre des solutions d&rsquo;adaptation.<\/p>\n<p>Le Centre de ressources de l&rsquo;Ontario pour l&rsquo;adaptation climatique comble cette lacune en offrant un guichet unique o\u00f9 les utilisateurs peuvent acc\u00e9der \u00e0 des informations et \u00e0 des ressources sp\u00e9cifiques aux Grands Lacs et \u00e0 l&rsquo;Ontario pour les diff\u00e9rentes \u00e9tapes des mesures d&rsquo;adaptation.  <strong>Notre mission est de fournir aux municipalit\u00e9s et aux dirigeants les informations et le soutien dont ils ont besoin pour accro\u00eetre la r\u00e9silience climatique dans le bassin des Grands Lacs et dans l&rsquo;ensemble de l&rsquo;Ontario.<\/strong>  Cette mission est motiv\u00e9e par la n\u00e9cessit\u00e9 de disposer d&rsquo;informations climatiques accessibles, fiables et exploitables et d&rsquo;acc\u00e9der \u00e0 l&rsquo;expertise n\u00e9cessaire pour interpr\u00e9ter et appliquer ces informations dans un contexte local.<\/p>\n<p>[\/et_pb_text][\/et_pb_column][et_pb_column type=\u00a0\u00bb1_2&Prime; _builder_version=\u00a0\u00bb4.22.1&Prime; _module_preset=\u00a0\u00bbdefault\u00a0\u00bb global_colors_info=\u00a0\u00bb{}\u00a0\u00bb][et_pb_text _builder_version=\u00a0\u00bb4.22.2&Prime; _module_preset=\u00a0\u00bbdefault\u00a0\u00bb global_colors_info=\u00a0\u00bb{}\u00a0\u00bb]<\/p>\n<p>Ces besoins s&rsquo;appuient sur un large \u00e9ventail de facteurs cl\u00e9s.<\/p>\n<ul>\n<li><strong>Facteurs sociaux<\/strong> &#8211; Les impacts du changement climatique sur les communaut\u00e9s et la sant\u00e9 humaine.<\/li>\n<li><strong>Facteurs \u00e9conomiques<\/strong> &#8211; Les impacts du changement climatique sur la comp\u00e9titivit\u00e9 des secteurs \u00e9conomiques du bassin des Grands Lacs et de l&rsquo;Ontario, tels que l&rsquo;agriculture, l&rsquo;\u00e9nergie et l&rsquo;assurance.<\/li>\n<li><strong>Facteurs environnementaux<\/strong> &#8211; Les effets du changement climatique sur les \u00e9cosyst\u00e8mes et les esp\u00e8ces et les menaces croissantes pour la vie et les biens que repr\u00e9sentent les catastrophes dues \u00e0 des \u00e9v\u00e9nements graves li\u00e9s au climat.<\/li>\n<\/ul>\n<p>La demande de services climatiques continue de cro\u00eetre en Ontario, dans le bassin des Grands Lacs, au Canada et au niveau international, d&rsquo;o\u00f9 l&rsquo;importance d&rsquo;une constellation d&rsquo;acteurs travaillant ensemble.<\/p>\n<p>[\/et_pb_text][\/et_pb_column][\/et_pb_row][\/et_pb_section][et_pb_section fb_built=\u00a0\u00bb1&Prime; _builder_version=\u00a0\u00bb4.22.1&Prime; _module_preset=\u00a0\u00bbdefault\u00a0\u00bb global_colors_info=\u00a0\u00bb{}\u00a0\u00bb][et_pb_row column_structure=\u00a0\u00bb1_2,1_2&Prime; _builder_version=\u00a0\u00bb4.22.1&Prime; _module_preset=\u00a0\u00bbdefault\u00a0\u00bb global_colors_info=\u00a0\u00bb{}\u00a0\u00bb][et_pb_column type=\u00a0\u00bb1_2&Prime; _builder_version=\u00a0\u00bb4.22.1&Prime; _module_preset=\u00a0\u00bbdefault\u00a0\u00bb global_colors_info=\u00a0\u00bb{}\u00a0\u00bb][et_pb_image src=\u00a0\u00bbhttps:\/\/orcca-craco.ca\/wp-content\/uploads\/2024\/09\/Symposium-1.png\u00a0\u00bb alt=\u00a0\u00bbDiscussion en pl\u00e9ni\u00e8re\u00a0\u00bb title_text=\u00a0\u00bbSymposium-1&Prime; align=\u00a0\u00bbcenter\u00a0\u00bb force_fullwidth=\u00a0\u00bbon\u00a0\u00bb _builder_version=\u00a0\u00bb4.22.2&Prime; _module_preset=\u00a0\u00bbdefault\u00a0\u00bb background_color=\u00a0\u00bbRGBA(255,255,255,0)\u00a0\u00bb animation_direction=\u00a0\u00bbtop\u00a0\u00bb hover_transition_duration=\u00a0\u00bb0ms\u00a0\u00bb border_color_all=\u00a0\u00bbRGBA(255,255,255,0)\u00a0\u00bb border_style_all=\u00a0\u00bbnone\u00a0\u00bb border_width_top=\u00a0\u00bb10px\u00a0\u00bb border_color_top=\u00a0\u00bb#B8F8EE\u00a0\u00bb border_width_right=\u00a0\u00bb10px\u00a0\u00bb border_color_right=\u00a0\u00bb#B8F8EE\u00a0\u00bb border_color_bottom=\u00a0\u00bb#B8F8EE\u00a0\u00bb border_color_left=\u00a0\u00bb#F24404&Prime; global_colors_info=\u00a0\u00bb{}\u00a0\u00bb][\/et_pb_image][\/et_pb_column][et_pb_column type=\u00a0\u00bb1_2&Prime; _builder_version=\u00a0\u00bb4.22.1&Prime; _module_preset=\u00a0\u00bbdefault\u00a0\u00bb global_colors_info=\u00a0\u00bb{}\u00a0\u00bb][et_pb_divider show_divider=\u00a0\u00bboff\u00a0\u00bb _builder_version=\u00a0\u00bb4.22.1&Prime; _module_preset=\u00a0\u00bbdefault\u00a0\u00bb height=\u00a0\u00bb80px\u00a0\u00bb global_colors_info=\u00a0\u00bb{}\u00a0\u00bb][\/et_pb_divider][et_pb_text _builder_version=\u00a0\u00bb4.22.2&Prime; _module_preset=\u00a0\u00bbdefault\u00a0\u00bb header_3_font=\u00a0\u00bb|600|||||||\u00a0\u00bb header_3_font_size=\u00a0\u00bb36px\u00a0\u00bb global_colors_info=\u00a0\u00bb{}\u00a0\u00bb]<\/p>\n<h3>Partie d&rsquo;un r\u00e9seau canadien<\/h3>\n<p>CRACO fait partie d&rsquo;un r\u00e9seau croissant d&rsquo;organisations de services climatiques \u00e0 travers le Canada, dont le <a href=\"https:\/\/www.pacificclimate.org\/\" target=\"_blank\" rel=\"noopener\">Pacific Climate Impacts Consortium<\/a>, <a href=\"https:\/\/www.ouranos.ca\/en\" target=\"_blank\" rel=\"noopener\">Ouranos<\/a>, <a href=\"https:\/\/climatewest.ca\/\" target=\"_blank\" rel=\"noopener\">ClimateWest<\/a> et <a href=\"https:\/\/climatlantic.ca\/\" target=\"_blank\" rel=\"noopener\">CLIMAtlantic<\/a>. Chaque organisation fournit une expertise r\u00e9gionale sp\u00e9cifique en mati\u00e8re d&rsquo;adaptation au climat afin de r\u00e9pondre aux besoins des communaut\u00e9s et des utilisateurs \u00e0 travers le pays.<\/p>\n<p>[\/et_pb_text][\/et_pb_column][\/et_pb_row][et_pb_row column_structure=\u00a0\u00bb1_2,1_2&Prime; _builder_version=\u00a0\u00bb4.22.1&Prime; _module_preset=\u00a0\u00bbdefault\u00a0\u00bb global_colors_info=\u00a0\u00bb{}\u00a0\u00bb][et_pb_column type=\u00a0\u00bb1_2&Prime; _builder_version=\u00a0\u00bb4.22.1&Prime; _module_preset=\u00a0\u00bbdefault\u00a0\u00bb global_colors_info=\u00a0\u00bb{}\u00a0\u00bb][et_pb_divider show_divider=\u00a0\u00bboff\u00a0\u00bb _builder_version=\u00a0\u00bb4.22.1&Prime; _module_preset=\u00a0\u00bbdefault\u00a0\u00bb height=\u00a0\u00bb80px\u00a0\u00bb global_colors_info=\u00a0\u00bb{}\u00a0\u00bb][\/et_pb_divider][et_pb_text _builder_version=\u00a0\u00bb4.22.2&Prime; _module_preset=\u00a0\u00bbdefault\u00a0\u00bb header_3_font=\u00a0\u00bb|600|||||||\u00a0\u00bb global_colors_info=\u00a0\u00bb{}\u00a0\u00bb]<\/p>\n<h3>Dirig\u00e9 par ICLEI Canada<\/h3>\n<p><a href=\"https:\/\/icleicanada.org\/\">ICLEI Canada<\/a> apporte son exp\u00e9rience de plus de 25 ans de travail avec les communaut\u00e9s canadiennes pour renforcer les capacit\u00e9s d&rsquo;action climatique, y compris en travaillant \u00e9troitement avec les communaut\u00e9s des Grands Lacs au cours de la derni\u00e8re d\u00e9cennie. Un <a href=\"https:\/\/orcca-craco.ca\/fr\/lequipe-2\/\">comit\u00e9 de pilotage<\/a> apporte au projet une expertise, une exp\u00e9rience et un \u00e9ventail de perspectives suppl\u00e9mentaires.<\/p>\n<p>En travaillant ensemble, ICLEI Canada et le Comit\u00e9 directeur du CRACO favoriseront la collaboration r\u00e9gionale et r\u00e9pondront aux besoins d&rsquo;adaptation climatique des communaut\u00e9s du bassin des Grands Lacs et de l&rsquo;Ontario en g\u00e9n\u00e9ral.<\/p>\n<p>[\/et_pb_text][\/et_pb_column][et_pb_column type=\u00a0\u00bb1_2&Prime; _builder_version=\u00a0\u00bb4.22.1&Prime; _module_preset=\u00a0\u00bbdefault\u00a0\u00bb global_colors_info=\u00a0\u00bb{}\u00a0\u00bb][et_pb_image src=\u00a0\u00bbhttps:\/\/orcca-craco.ca\/wp-content\/uploads\/2023\/09\/ICLEI-canada-bilingual-RGB.jpg\u00a0\u00bb alt=\u00a0\u00bble logo d&apos;ICLEI Canada\u00a0\u00bb title_text=\u00a0\u00bbport Colborne et lac \u00c9ri\u00e9\u00a0\u00bb align=\u00a0\u00bbcenter\u00a0\u00bb _builder_version=\u00a0\u00bb4.22.1&Prime; _module_preset=\u00a0\u00bbdefault\u00a0\u00bb background_image=\u00a0\u00bbhttps:\/\/orcca-craco.ca\/wp-content\/uploads\/2023\/09\/crop-port-Colborne-and-Lake-Erie.jpg\u00a0\u00bb parallax=\u00a0\u00bbon\u00a0\u00bb width=\u00a0\u00bb100%\u00a0\u00bb module_alignment=\u00a0\u00bbcenter\u00a0\u00bb custom_padding=\u00a0\u00bb100px|100px|100px|100px|false|false\u00a0\u00bb global_colors_info=\u00a0\u00bb{}\u00a0\u00bb][\/et_pb_image][\/et_pb_column][\/et_pb_row][\/et_pb_section]<\/p>\n","protected":false},"excerpt":{"rendered":"<p><div class=\"et_pb_module lwp_divi_breadcrumbs lwp_divi_breadcrumbs_0 et_clickable\">\n\t\t\t\t\n\t\t\t\t\n\t\t\t\t\n\t\t\t\t\n\t\t\t\t\n\t\t\t\t\n\t\t\t\t<div class=\"et_pb_module_inner\">\n\t\t\t\t\t<div class=\"lwp-breadcrumbs\"> <span class=\"before\"><\/span> <span vocab=\"https:\/\/schema.org\/\" typeof=\"BreadcrumbList\"><span property=\"itemListElement\" typeof=\"ListItem\"><a property=\"item\" typeof=\"WebPage\" href=\"https:\/\/orcca-craco.ca\/fr\/\" class=\"home\"><span property=\"name\">Home<\/span><\/a><meta property=\"position\" content=\"1\"><\/span> <span class=\"separator et-pb-icon\">$<\/span> <\/span><\/div>\n\t\t\t\t<\/div>\n\t\t\t<\/div>Qu&rsquo;est-ce que l&rsquo;ORCCA ? Centre de ressources de l&rsquo;Ontario pour l&rsquo;adaptation au changement climatique Le Centre de ressources d&rsquo;adaptation climatique de l&rsquo;Ontario (CRACO) est l\u00e0 pour aider les communaut\u00e9s des Grands Lacs et les autres utilisateurs de l&rsquo;Ontario \u00e0 mieux comprendre, affronter, g\u00e9rer et s&rsquo;adapter aux conditions climatiques changeantes. L&rsquo;\u00e9quipe [&hellip;]<\/p>\n","protected":false},"author":2,"featured_media":0,"parent":0,"menu_order":0,"comment_status":"closed","ping_status":"closed","template":"","meta":{"_et_pb_use_builder":"on","_et_pb_old_content":"","_et_gb_content_width":"","_monsterinsights_skip_tracking":false,"_monsterinsights_sitenote_active":false,"_monsterinsights_sitenote_note":"","_monsterinsights_sitenote_category":0,"footnotes":""},"class_list":["post-747","page","type-page","status-publish","hentry"],"yoast_head":"<!-- This site is optimized with the Yoast SEO plugin v27.2 - https:\/\/yoast.com\/product\/yoast-seo-wordpress\/ -->\n<title>\u00c0 propos de CRACO - ORCCA - CRACO Canada<\/title>\n<meta name=\"description\" content=\"D\u00e9couvrez le Centre de ressources de l&#039;Ontario pour l&#039;adaptation au climat ainsi que nos ressources et notre soutien aux communaut\u00e9s des Grands Lacs et aux utilisateurs de l&#039;Ontario.\" \/>\n<meta name=\"robots\" content=\"index, follow, max-snippet:-1, max-image-preview:large, max-video-preview:-1\" \/>\n<link rel=\"canonical\" href=\"https:\/\/orcca-craco.ca\/fr\/a-propos-de-craco\/\" \/>\n<meta property=\"og:locale\" content=\"fr_FR\" \/>\n<meta property=\"og:type\" content=\"article\" \/>\n<meta property=\"og:title\" content=\"\u00c0 propos de CRACO - ORCCA - CRACO Canada\" \/>\n<meta property=\"og:description\" content=\"D\u00e9couvrez le Centre de ressources de l&#039;Ontario pour l&#039;adaptation au climat ainsi que nos ressources et notre soutien aux communaut\u00e9s des Grands Lacs et aux utilisateurs de l&#039;Ontario.\" \/>\n<meta property=\"og:url\" content=\"https:\/\/orcca-craco.ca\/fr\/a-propos-de-craco\/\" \/>\n<meta property=\"og:site_name\" content=\"ORCCA - CRACO Canada\" \/>\n<meta property=\"article:modified_time\" content=\"2025-03-13T19:58:24+00:00\" \/>\n<meta name=\"twitter:card\" content=\"summary_large_image\" \/>\n<meta name=\"twitter:label1\" content=\"Dur\u00e9e de lecture estim\u00e9e\" \/>\n\t<meta name=\"twitter:data1\" content=\"4 minutes\" \/>\n<script type=\"application\/ld+json\" class=\"yoast-schema-graph\">{\"@context\":\"https:\/\/schema.org\",\"@graph\":[{\"@type\":\"WebPage\",\"@id\":\"https:\/\/orcca-craco.ca\/fr\/a-propos-de-craco\/\",\"url\":\"https:\/\/orcca-craco.ca\/fr\/a-propos-de-craco\/\",\"name\":\"\u00c0 propos de CRACO - ORCCA - CRACO Canada\",\"isPartOf\":{\"@id\":\"https:\/\/orcca-craco.ca\/#website\"},\"datePublished\":\"2023-09-08T14:44:15+00:00\",\"dateModified\":\"2025-03-13T19:58:24+00:00\",\"description\":\"D\u00e9couvrez le Centre de ressources de l'Ontario pour l'adaptation au climat ainsi que nos ressources et notre soutien aux communaut\u00e9s des Grands Lacs et aux utilisateurs de l'Ontario.\",\"breadcrumb\":{\"@id\":\"https:\/\/orcca-craco.ca\/fr\/a-propos-de-craco\/#breadcrumb\"},\"inLanguage\":\"fr-FR\",\"potentialAction\":[{\"@type\":\"ReadAction\",\"target\":[\"https:\/\/orcca-craco.ca\/fr\/a-propos-de-craco\/\"]}]},{\"@type\":\"BreadcrumbList\",\"@id\":\"https:\/\/orcca-craco.ca\/fr\/a-propos-de-craco\/#breadcrumb\",\"itemListElement\":[{\"@type\":\"ListItem\",\"position\":1,\"name\":\"Home\",\"item\":\"https:\/\/orcca-craco.ca\/fr\/accueil\/\"},{\"@type\":\"ListItem\",\"position\":2,\"name\":\"\u00c0 propos de CRACO\"}]},{\"@type\":\"WebSite\",\"@id\":\"https:\/\/orcca-craco.ca\/#website\",\"url\":\"https:\/\/orcca-craco.ca\/\",\"name\":\"ORCCA - CRACO Canada\",\"description\":\"The Ontario Resource Centre for Climate Adaptation\",\"publisher\":{\"@id\":\"https:\/\/orcca-craco.ca\/#organization\"},\"potentialAction\":[{\"@type\":\"SearchAction\",\"target\":{\"@type\":\"EntryPoint\",\"urlTemplate\":\"https:\/\/orcca-craco.ca\/?s={search_term_string}\"},\"query-input\":{\"@type\":\"PropertyValueSpecification\",\"valueRequired\":true,\"valueName\":\"search_term_string\"}}],\"inLanguage\":\"fr-FR\"},{\"@type\":\"Organization\",\"@id\":\"https:\/\/orcca-craco.ca\/#organization\",\"name\":\"ORCCA - CRACO Canada\",\"url\":\"https:\/\/orcca-craco.ca\/\",\"logo\":{\"@type\":\"ImageObject\",\"inLanguage\":\"fr-FR\",\"@id\":\"https:\/\/orcca-craco.ca\/#\/schema\/logo\/image\/\",\"url\":\"https:\/\/orcca-craco.ca\/wp-content\/uploads\/2023\/09\/colourful-logo-full-png.png\",\"contentUrl\":\"https:\/\/orcca-craco.ca\/wp-content\/uploads\/2023\/09\/colourful-logo-full-png.png\",\"width\":300,\"height\":226,\"caption\":\"ORCCA - CRACO Canada\"},\"image\":{\"@id\":\"https:\/\/orcca-craco.ca\/#\/schema\/logo\/image\/\"},\"sameAs\":[\"https:\/\/www.linkedin.com\/company\/iclei-canada\/\"]}]}<\/script>\n<!-- \/ Yoast SEO plugin. -->","yoast_head_json":{"title":"\u00c0 propos de CRACO - ORCCA - CRACO Canada","description":"D\u00e9couvrez le Centre de ressources de l'Ontario pour l'adaptation au climat ainsi que nos ressources et notre soutien aux communaut\u00e9s des Grands Lacs et aux utilisateurs de l'Ontario.","robots":{"index":"index","follow":"follow","max-snippet":"max-snippet:-1","max-image-preview":"max-image-preview:large","max-video-preview":"max-video-preview:-1"},"canonical":"https:\/\/orcca-craco.ca\/fr\/a-propos-de-craco\/","og_locale":"fr_FR","og_type":"article","og_title":"\u00c0 propos de CRACO - ORCCA - CRACO Canada","og_description":"D\u00e9couvrez le Centre de ressources de l'Ontario pour l'adaptation au climat ainsi que nos ressources et notre soutien aux communaut\u00e9s des Grands Lacs et aux utilisateurs de l'Ontario.","og_url":"https:\/\/orcca-craco.ca\/fr\/a-propos-de-craco\/","og_site_name":"ORCCA - CRACO Canada","article_modified_time":"2025-03-13T19:58:24+00:00","twitter_card":"summary_large_image","twitter_misc":{"Dur\u00e9e de lecture estim\u00e9e":"4 minutes"},"schema":{"@context":"https:\/\/schema.org","@graph":[{"@type":"WebPage","@id":"https:\/\/orcca-craco.ca\/fr\/a-propos-de-craco\/","url":"https:\/\/orcca-craco.ca\/fr\/a-propos-de-craco\/","name":"\u00c0 propos de CRACO - ORCCA - CRACO Canada","isPartOf":{"@id":"https:\/\/orcca-craco.ca\/#website"},"datePublished":"2023-09-08T14:44:15+00:00","dateModified":"2025-03-13T19:58:24+00:00","description":"D\u00e9couvrez le Centre de ressources de l'Ontario pour l'adaptation au climat ainsi que nos ressources et notre soutien aux communaut\u00e9s des Grands Lacs et aux utilisateurs de l'Ontario.","breadcrumb":{"@id":"https:\/\/orcca-craco.ca\/fr\/a-propos-de-craco\/#breadcrumb"},"inLanguage":"fr-FR","potentialAction":[{"@type":"ReadAction","target":["https:\/\/orcca-craco.ca\/fr\/a-propos-de-craco\/"]}]},{"@type":"BreadcrumbList","@id":"https:\/\/orcca-craco.ca\/fr\/a-propos-de-craco\/#breadcrumb","itemListElement":[{"@type":"ListItem","position":1,"name":"Home","item":"https:\/\/orcca-craco.ca\/fr\/accueil\/"},{"@type":"ListItem","position":2,"name":"\u00c0 propos de CRACO"}]},{"@type":"WebSite","@id":"https:\/\/orcca-craco.ca\/#website","url":"https:\/\/orcca-craco.ca\/","name":"ORCCA - CRACO Canada","description":"The Ontario Resource Centre for Climate Adaptation","publisher":{"@id":"https:\/\/orcca-craco.ca\/#organization"},"potentialAction":[{"@type":"SearchAction","target":{"@type":"EntryPoint","urlTemplate":"https:\/\/orcca-craco.ca\/?s={search_term_string}"},"query-input":{"@type":"PropertyValueSpecification","valueRequired":true,"valueName":"search_term_string"}}],"inLanguage":"fr-FR"},{"@type":"Organization","@id":"https:\/\/orcca-craco.ca\/#organization","name":"ORCCA - CRACO Canada","url":"https:\/\/orcca-craco.ca\/","logo":{"@type":"ImageObject","inLanguage":"fr-FR","@id":"https:\/\/orcca-craco.ca\/#\/schema\/logo\/image\/","url":"https:\/\/orcca-craco.ca\/wp-content\/uploads\/2023\/09\/colourful-logo-full-png.png","contentUrl":"https:\/\/orcca-craco.ca\/wp-content\/uploads\/2023\/09\/colourful-logo-full-png.png","width":300,"height":226,"caption":"ORCCA - CRACO Canada"},"image":{"@id":"https:\/\/orcca-craco.ca\/#\/schema\/logo\/image\/"},"sameAs":["https:\/\/www.linkedin.com\/company\/iclei-canada\/"]}]}},"_links":{"self":[{"href":"https:\/\/orcca-craco.ca\/fr\/wp-json\/wp\/v2\/pages\/747","targetHints":{"allow":["GET"]}}],"collection":[{"href":"https:\/\/orcca-craco.ca\/fr\/wp-json\/wp\/v2\/pages"}],"about":[{"href":"https:\/\/orcca-craco.ca\/fr\/wp-json\/wp\/v2\/types\/page"}],"author":[{"embeddable":true,"href":"https:\/\/orcca-craco.ca\/fr\/wp-json\/wp\/v2\/users\/2"}],"replies":[{"embeddable":true,"href":"https:\/\/orcca-craco.ca\/fr\/wp-json\/wp\/v2\/comments?post=747"}],"version-history":[{"count":40,"href":"https:\/\/orcca-craco.ca\/fr\/wp-json\/wp\/v2\/pages\/747\/revisions"}],"predecessor-version":[{"id":2833,"href":"https:\/\/orcca-craco.ca\/fr\/wp-json\/wp\/v2\/pages\/747\/revisions\/2833"}],"wp:attachment":[{"href":"https:\/\/orcca-craco.ca\/fr\/wp-json\/wp\/v2\/media?parent=747"}],"curies":[{"name":"wp","href":"https:\/\/api.w.org\/{rel}","templated":true}]}}